{"id":166,"date":"2019-09-09T09:52:50","date_gmt":"2019-09-09T09:52:50","guid":{"rendered":"https:\/\/aus-gesprochen.at\/?page_id=166"},"modified":"2019-10-21T07:08:07","modified_gmt":"2019-10-21T07:08:07","slug":"kontakt","status":"publish","type":"page","link":"https:\/\/aus-gesprochen.at\/en\/kontakt\/","title":{"rendered":"Contact"},"content":{"rendered":"<p>How can I help?<\/p>\n<p>Contact me with any questions or for a free, non-binding quotation.<\/p>\n<p>Contact me by phone or email if you have any questions, would like a free, non-binding quotation, or wish to book an initial call to discuss your specific requirements.<\/p>\n<p><a href=\"mailto:office@aus-gesprochen.at\">office@aus-gesprochen.at<\/a><br \/>\n+43 650 9239776<\/p>","protected":false},"excerpt":{"rendered":"<p>Sie interessieren sich f\u00fcr mein Leistungsangebot? Kontaktieren Sie mich gerne bei Fragen oder fordern Sie Ihr ma\u00dfgeschneidertes Angebot an \u2013 kostenlos und unverbindlich. Gerne stehe ich Ihnen f\u00fcr ein pers\u00f6nliches Gespr\u00e4ch zur Verf\u00fcgung. Ich freue mich \u00fcber Ihre Kontaktaufnahme per Anruf oder E-Mail. office@aus-gesprochen.at +43 650 9239776<\/p>","protected":false},"author":1,"featured_media":0,"parent":0,"menu_order":0,"comment_status":"closed","ping_status":"closed","template":"","meta":{"footnotes":""},"class_list":["post-166","page","type-page","status-publish","hentry"],"_links":{"self":[{"href":"https:\/\/aus-gesprochen.at\/en\/wp-json\/wp\/v2\/pages\/166","targetHints":{"allow":["GET"]}}],"collection":[{"href":"https:\/\/aus-gesprochen.at\/en\/wp-json\/wp\/v2\/pages"}],"about":[{"href":"https:\/\/aus-gesprochen.at\/en\/wp-json\/wp\/v2\/types\/page"}],"author":[{"embeddable":true,"href":"https:\/\/aus-gesprochen.at\/en\/wp-json\/wp\/v2\/users\/1"}],"replies":[{"embeddable":true,"href":"https:\/\/aus-gesprochen.at\/en\/wp-json\/wp\/v2\/comments?post=166"}],"version-history":[{"count":4,"href":"https:\/\/aus-gesprochen.at\/en\/wp-json\/wp\/v2\/pages\/166\/revisions"}],"predecessor-version":[{"id":240,"href":"https:\/\/aus-gesprochen.at\/en\/wp-json\/wp\/v2\/pages\/166\/revisions\/240"}],"wp:attachment":[{"href":"https:\/\/aus-gesprochen.at\/en\/wp-json\/wp\/v2\/media?parent=166"}],"curies":[{"name":"wp","href":"https:\/\/api.w.org\/{rel}","templated":true}]}}