{"id":2,"date":"2019-09-04T17:07:54","date_gmt":"2019-09-04T17:07:54","guid":{"rendered":"https:\/\/aus-gesprochen.at\/?page_id=2"},"modified":"2024-03-06T08:57:55","modified_gmt":"2024-03-06T08:57:55","slug":"sample-page","status":"publish","type":"page","link":"https:\/\/aus-gesprochen.at\/en\/","title":{"rendered":"ausGesprochen language services"},"content":{"rendered":"<blockquote class=\"wp-block-quote is-layout-flow wp-block-quote-is-layout-flow\">\n<p>The limits of my language mean the limits of my world<\/p>\n<cite>Ludwig Wittgenstein<\/cite><\/blockquote>\n\n\n\n<p>\u00dcberwinden Sie mit meiner Hilfe Ihre sprachlichen Grenzen \u2013 ausGesprochen sprachgewandt<\/p>\n\n\n<div id=\"pl-gb2-69e3582f18d18\"  class=\"panel-layout panel-layout\" ><div id=\"pg-gb2-69e3582f18d18-0\"  class=\"panel-grid panel-has-style\" ><div style=\"padding: 100px 0; \" class=\"panel-row-style panel-row-style-for-gb2-69e3582f18d18-0\" ><div id=\"pgc-gb2-69e3582f18d18-0-0\"  class=\"panel-grid-cell\" ><div id=\"panel-gb2-69e3582f18d18-0-0-0\" class=\"so-panel widget widget_rocked_services_type_b rocked_services_b_widget panel-first-child panel-last-child\" data-index=\"0\" >\t\t\t\r\n\t\t\t\t<div class=\"service-area\">\r\n\t\t\t\t\t\t\t\t\t\t\t\t\t\t\t\t\t\t\t\t\t\t\t<div class=\"roll-iconbox style2 clearfix columns2\">\r\n\t\t\t\t\t\t\t<div class=\"list-item\">\r\n\t\t\t\t\t\t\t\t\t\t\t\r\n\t\t\t\t\t\t\t\t\t<div class=\"icon\">\r\n\t\t\t\t\t\t\t\t\t\t<i class=\"fa fa-closed-captioning\"><\/i>\t\t\t\t\t\t\t\t\t<\/div>\r\n\t\t\t\t\t\t\t\t\t\t\t\t\t\t\t\r\n\t\t\t\t\t\t\t\t<div class=\"content\">\r\n\t\t\t\t\t\t\t\t\t<h3>\r\n\t\t\t\t\t\t\t\t\t\t\t\t\t\t\t\t\t\t\t\t\t<a href=\"https:\/\/aus-gesprochen.at\/en\/leistungen\/\">Subtitling<\/a>\r\n\t\t\t\t\t\t\t\t\t\t\t\t\t\t\t\t\t\t\t<\/h3>\r\n\t\t\t\t\t\t\t\t\t<p><em>Ensure your videos reach a wide audience<\/em><\/p>\n\t\t\t\t\t\t\t\t<\/div><!--.info-->\t\r\n\t\t\t\t\t\t\t<\/div>\r\n\t\t\t\t\t\t<\/div>\r\n\t\t\t\t\t\t\t\t\t\t\t\t\t\t\t\t\t\t\t\t\t\t\t<div class=\"roll-iconbox style2 clearfix columns2\">\r\n\t\t\t\t\t\t\t<div class=\"list-item\">\r\n\t\t\t\t\t\t\t\t\t\t\t\r\n\t\t\t\t\t\t\t\t\t<div class=\"icon\">\r\n\t\t\t\t\t\t\t\t\t\t<i class=\"fa fa-microphone\"><\/i>\t\t\t\t\t\t\t\t\t<\/div>\r\n\t\t\t\t\t\t\t\t\t\t\t\t\t\t\t\r\n\t\t\t\t\t\t\t\t<div class=\"content\">\r\n\t\t\t\t\t\t\t\t\t<h3>\r\n\t\t\t\t\t\t\t\t\t\t\t\t\t\t\t\t\t\t\t\t\t<a href=\"https:\/\/aus-gesprochen.at\/en\/leistungen\/#transkription_untertitelung\">Transcription<\/a>\r\n\t\t\t\t\t\t\t\t\t\t\t\t\t\t\t\t\t\t\t<\/h3>\r\n\t\t\t\t\t\t\t\t\t<p><em>Turn speech to text<\/em><\/p>\n\t\t\t\t\t\t\t\t<\/div><!--.info-->\t\r\n\t\t\t\t\t\t\t<\/div>\r\n\t\t\t\t\t\t<\/div>\r\n\t\t\t\t\t\t\t\t\t\t\t\t\t\t\t\t\t\t\t\t\t\t\t<div class=\"roll-iconbox style2 clearfix columns2\">\r\n\t\t\t\t\t\t\t<div class=\"list-item\">\r\n\t\t\t\t\t\t\t\t\t\t\t\r\n\t\t\t\t\t\t\t\t\t<div class=\"icon\">\r\n\t\t\t\t\t\t\t\t\t\t<i class=\"fa fa-graduation-cap\"><\/i>\t\t\t\t\t\t\t\t\t<\/div>\r\n\t\t\t\t\t\t\t\t\t\t\t\t\t\t\t\r\n\t\t\t\t\t\t\t\t<div class=\"content\">\r\n\t\t\t\t\t\t\t\t\t<h3>\r\n\t\t\t\t\t\t\t\t\t\t\t\t\t\t\t\t\t\t\t\t\t<a href=\"https:\/\/aus-gesprochen.at\/en\/leistungen\/#sprachunterricht\">Language training<\/a>\r\n\t\t\t\t\t\t\t\t\t\t\t\t\t\t\t\t\t\t\t<\/h3>\r\n\t\t\t\t\t\t\t\t\t<p><em>Enhance your language skills<\/em><\/p>\n\t\t\t\t\t\t\t\t<\/div><!--.info-->\t\r\n\t\t\t\t\t\t\t<\/div>\r\n\t\t\t\t\t\t<\/div>\r\n\t\t\t\t\t\t\t\t\t\t\t\t\t\t\t\t\t\t\t\t\t\t\t<div class=\"roll-iconbox style2 clearfix columns2\">\r\n\t\t\t\t\t\t\t<div class=\"list-item\">\r\n\t\t\t\t\t\t\t\t\t\t\t\r\n\t\t\t\t\t\t\t\t\t<div class=\"icon\">\r\n\t\t\t\t\t\t\t\t\t\t<i class=\"fa fa-align-center\"><\/i>\t\t\t\t\t\t\t\t\t<\/div>\r\n\t\t\t\t\t\t\t\t\t\t\t\t\t\t\t\r\n\t\t\t\t\t\t\t\t<div class=\"content\">\r\n\t\t\t\t\t\t\t\t\t<h3>\r\n\t\t\t\t\t\t\t\t\t\t\t\t\t\t\t\t\t\t\t\t\t<a href=\"https:\/\/aus-gesprochen.at\/en\/?page_id=30\/#textieren\">Copywriting<\/a>\r\n\t\t\t\t\t\t\t\t\t\t\t\t\t\t\t\t\t\t\t<\/h3>\r\n\t\t\t\t\t\t\t\t\t<p><em>Find the right words<\/em><\/p>\n\t\t\t\t\t\t\t\t<\/div><!--.info-->\t\r\n\t\t\t\t\t\t\t<\/div>\r\n\t\t\t\t\t\t<\/div>\r\n\t\t\t\t\t\t\t\t\t\t\t\t\t\t\t\t\t\t\t\t\t\t\t<div class=\"roll-iconbox style2 clearfix columns2\">\r\n\t\t\t\t\t\t\t<div class=\"list-item\">\r\n\t\t\t\t\t\t\t\t\t\t\t\r\n\t\t\t\t\t\t\t\t\t<div class=\"icon\">\r\n\t\t\t\t\t\t\t\t\t\t<i class=\"fa fa-language\"><\/i>\t\t\t\t\t\t\t\t\t<\/div>\r\n\t\t\t\t\t\t\t\t\t\t\t\t\t\t\t\r\n\t\t\t\t\t\t\t\t<div class=\"content\">\r\n\t\t\t\t\t\t\t\t\t<h3>\r\n\t\t\t\t\t\t\t\t\t\t\t\t\t\t\t\t\t\t\t\t\t<a href=\"https:\/\/aus-gesprochen.at\/en\/?page_id=30\/#ubersetzen\">Translation<\/a>\r\n\t\t\t\t\t\t\t\t\t\t\t\t\t\t\t\t\t\t\t<\/h3>\r\n\t\t\t\t\t\t\t\t\t<p><em>Get your message across in another language<\/em><\/p>\n\t\t\t\t\t\t\t\t<\/div><!--.info-->\t\r\n\t\t\t\t\t\t\t<\/div>\r\n\t\t\t\t\t\t<\/div>\r\n\t\t\t\t\t\t\t\t\t\t\t\t\t\t\t\t\t\t\t\t\t\t\t<div class=\"roll-iconbox style2 clearfix columns2\">\r\n\t\t\t\t\t\t\t<div class=\"list-item\">\r\n\t\t\t\t\t\t\t\t\t\t\t\r\n\t\t\t\t\t\t\t\t\t<div class=\"icon\">\r\n\t\t\t\t\t\t\t\t\t\t<i class=\"fa fa-comments\"><\/i>\t\t\t\t\t\t\t\t\t<\/div>\r\n\t\t\t\t\t\t\t\t\t\t\t\t\t\t\t\r\n\t\t\t\t\t\t\t\t<div class=\"content\">\r\n\t\t\t\t\t\t\t\t\t<h3>\r\n\t\t\t\t\t\t\t\t\t\t\t\t\t\t\t\t\t\t\t\t\t<a href=\"https:\/\/aus-gesprochen.at\/en\/leistungen\/#dolmetschen\">Interpreting<\/a>\r\n\t\t\t\t\t\t\t\t\t\t\t\t\t\t\t\t\t\t\t<\/h3>\r\n\t\t\t\t\t\t\t\t\t<p><em>Seamless communication<\/em><\/p>\n\t\t\t\t\t\t\t\t<\/div><!--.info-->\t\r\n\t\t\t\t\t\t\t<\/div>\r\n\t\t\t\t\t\t<\/div>\r\n\t\t\t\t\t\t\t\t\t<\/div>\t\r\n\r\n\t\t\t\t\t\t\t\t\t<a href=\"https:\/\/aus-gesprochen.at\/en\/?page_id=30\" class=\"roll-button more-button\">\r\n\t\t\t\t\t\t\t\t\t\t\t\t\tAll services at a glance\t\t\t\t\t\t\t\t\t\t\t<\/a>\r\n\t\t\t\t\t\t\t\t\r\n\t<\/div><\/div><\/div><\/div><\/div>\n\n<div id=\"pl-gb2-69e3582f1c262\"  class=\"panel-layout panel-layout\" ><div id=\"pg-gb2-69e3582f1c262-0\"  class=\"panel-grid panel-has-style\" ><div style=\"padding: 100px 0; \" class=\"panel-row-style panel-row-style-for-gb2-69e3582f1c262-0\" ><div id=\"pgc-gb2-69e3582f1c262-0-0\"  class=\"panel-grid-cell\" ><div id=\"panel-gb2-69e3582f1c262-0-0-0\" class=\"so-panel widget widget_rocked_employees rocked_employees_widget panel-first-child panel-last-child\" data-index=\"0\" >\r\n\t\t<h3 class=\"widget-title\">About me<\/h3>\r\n\t\t<div class=\"employees-area\">\r\n\t\t\t\t\t\t\t\t\t\t\t<div class=\"roll-team\">\r\n\t\t\t\t\t\t\t\t\t\t<div class=\"photo\">\r\n\t\t\t\t\t\t<div class=\"overlay\">\r\n\t\t\t\t\t\t\t<div class=\"content\">\r\n\t\t\t\t\t\t\t\t<p class=\"text\">Your language service provider<\/p>\r\n\t\t\t\t\t\t\t\t<ul class=\"socials\">\r\n\t\t\t\t\t\t\t\t\t\t\t\t\t\t\t\t\t\t\t<li><a class=\"facebook\" href=\"https:\/\/www.facebook.com\/AusGesprochen-Sprachdienstleistungen-106901164029711\/\" target=\"_blank\"><i class=\"fa fa-facebook\"><\/i><\/a><\/li>\r\n\t\t\t\t\t\t\t\t\t\t\t\t\t\t\t\t\t\t\t\t\t\t\t\t\t\t\t\t\t\t\t\t\t\t\t<\/ul>\r\n\t\t\t\t\t\t\t<\/div>\r\n\t\t\t\t\t\t<\/div>\r\n\t\t\t\t\t\t<img loading=\"lazy\" decoding=\"async\" width=\"410\" height=\"273\" src=\"https:\/\/aus-gesprochen.at\/wp-content\/uploads\/2019\/09\/PORTRAITS115.jpg\" class=\"attachment-rocked-medium-thumb size-rocked-medium-thumb wp-post-image\" alt=\"Margret Gruber\" srcset=\"https:\/\/aus-gesprochen.at\/wp-content\/uploads\/2019\/09\/PORTRAITS115.jpg 5477w, https:\/\/aus-gesprochen.at\/wp-content\/uploads\/2019\/09\/PORTRAITS115-300x200.jpg 300w, https:\/\/aus-gesprochen.at\/wp-content\/uploads\/2019\/09\/PORTRAITS115-768x512.jpg 768w, https:\/\/aus-gesprochen.at\/wp-content\/uploads\/2019\/09\/PORTRAITS115-1024x683.jpg 1024w, https:\/\/aus-gesprochen.at\/wp-content\/uploads\/2019\/09\/PORTRAITS115-750x500.jpg 750w, https:\/\/aus-gesprochen.at\/wp-content\/uploads\/2019\/09\/PORTRAITS115-400x267.jpg 400w, https:\/\/aus-gesprochen.at\/wp-content\/uploads\/2019\/09\/PORTRAITS115-430x287.jpg 430w, https:\/\/aus-gesprochen.at\/wp-content\/uploads\/2019\/09\/PORTRAITS115-150x100.jpg 150w, https:\/\/aus-gesprochen.at\/wp-content\/uploads\/2019\/09\/PORTRAITS115-100x67.jpg 100w\" sizes=\"auto, (max-width: 410px) 100vw, 410px\" \/>\t\t\t\t\t<\/div>\r\n\t\t\t\t\t\t\t\t\t\t<div class=\"info\">\r\n\t\t\t\t        \t\t\t\t        \t<h3><a href=\"https:\/\/aus-gesprochen.at\/en\/?page_id=28\">Margret Schneider<\/a><\/h3>\r\n\t\t\t\t        \t\t\t\t\t\t<span><\/span>\r\n\t\t\t\t\t<\/div>\r\n\t\t\t\t<\/div>\t\r\n\t\t\t\t\t<\/div>\r\n\r\n\t\t\t\r\n\t\r\n\t<\/div><\/div><\/div><\/div><\/div>\n\n<div id=\"pl-gb2-69e3582f1dcbe\"  class=\"panel-layout panel-layout\" ><div id=\"pg-gb2-69e3582f1dcbe-0\"  class=\"panel-grid panel-has-style\" ><div style=\"padding: 100px 0; \" class=\"panel-row-style panel-row-style-for-gb2-69e3582f1dcbe-0\" ><div id=\"pgc-gb2-69e3582f1dcbe-0-0\"  class=\"panel-grid-cell\" ><div id=\"panel-gb2-69e3582f1dcbe-0-0-0\" class=\"so-panel widget widget_rocked_facts rocked_facts_widget panel-first-child panel-last-child\" data-index=\"0\" >\r\n\t\t<h3 class=\"widget-title\">Facts<\/h3>\r\n\t\t\t\t<div class=\"fact col-md-3 col-sm-3 col-xs-3\">\r\n\t\t\t<div class=\"roll-counter\">\r\n\t\t\t\t<i class=\"fa fa-language\"><\/i>\r\n\t\t\t\t<div class=\"numb-count\" data-to=\"980118\" data-speed=\"2000\" data-waypoint-active=\"yes\">980118<\/div>\r\n\t\t\t\t<div class=\"name-count\">Translated words<\/div>\r\n\t\t\t<\/div>\r\n\t\t<\/div>\r\n\t\t\t\t\t\t<div class=\"fact col-md-3 col-sm-3 col-xs-3\">\r\n\t\t\t<div class=\"roll-counter\">\r\n\t\t\t\t<i class=\"fa fa-comments\"><\/i>\r\n\t\t\t\t<div class=\"numb-count\" data-to=\"20\" data-speed=\"2000\" data-waypoint-active=\"yes\">20<\/div>\r\n\t\t\t\t<div class=\"name-count\">Interpreting hours<\/div>\r\n\t\t\t<\/div>\r\n\t\t<\/div>\r\n\t\t\t\t\t\t<div class=\"fact col-md-3 col-sm-3 col-xs-3\">\r\n\t\t\t<div class=\"roll-counter\">\r\n\t\t\t\t<i class=\"fa fa-edit\"><\/i>\r\n\t\t\t\t<div class=\"numb-count\" data-to=\"65000\" data-speed=\"2000\" data-waypoint-active=\"yes\">65000<\/div>\r\n\t\t\t\t<div class=\"name-count\">Copywrited words<\/div>\r\n\t\t\t<\/div>\r\n\t\t<\/div>\r\n\t\t\t\t\t\t<div class=\"fact col-md-3 col-sm-3 col-xs-3\">\r\n\t\t\t<div class=\"roll-counter\">\r\n\t\t\t\t<i class=\"fa fa-coffee\"><\/i>\r\n\t\t\t\t<div class=\"numb-count\" data-to=\"3530\" data-speed=\"2000\" data-waypoint-active=\"yes\">3530<\/div>\t\t\t\t\r\n\t\t\t\t<div class=\"name-count\">Cups of coffee<\/div>\r\n\t\t\t<\/div>\r\n\t\t<\/div>\r\n\t\t\r\n\t<\/div><\/div><\/div><\/div><\/div>\n\n<div id=\"pl-gb2-69e3582f1e13a\"  class=\"panel-layout panel-layout\" ><div id=\"pg-gb2-69e3582f1e13a-0\"  class=\"panel-grid panel-has-style\" ><div style=\"padding: 100px 0; \" class=\"panel-row-style panel-row-style-for-gb2-69e3582f1e13a-0\" ><div id=\"pgc-gb2-69e3582f1e13a-0-0\"  class=\"panel-grid-cell\" ><div id=\"panel-gb2-69e3582f1e13a-0-0-0\" class=\"so-panel widget widget_rocked_latest_news rocked_latest_news_widget panel-first-child panel-last-child\" data-index=\"0\" >\t\t<h3 class=\"widget-title\">Latest articles<\/h3>\r\n\t\t<div class=\"roll-news clearfix\">\r\n\t\t\t\t\t<div class=\"blog-post entry\">\r\n\t\t\t\t\t\t\t\t\t\r\n\t\t\t<h3 class=\"title\"><a href=\"https:\/\/aus-gesprochen.at\/en\/frohes-fest\/\" rel=\"bookmark\">Frohes Fest!<\/a><\/h3>\t\t\t\t<div class=\"entry-footer\">\r\n\t\t\t\t\t<div class=\"meta\">\r\n\t\t\t\t\t\t<span class=\"author vcard\"><a class=\"url fn n\" href=\"\/en\/'https:\/\/aus-gesprochen.at\/en\/author\/mgruber2\/\">admin<\/a><\/span>\r\n\t\t\t\t\t\t&#47;&nbsp;<a class=\"fp-cats\" href=\"https:\/\/aus-gesprochen.at\/en\/category\/uncategorized\/\">Uncategorized<\/a> \t\t\t\t\t<\/div>\r\n\t\t\t\t<\/div>\r\n\t\t\t<\/div>\r\n\t\t\t\t\t<div class=\"blog-post entry\">\r\n\t\t\t\t\t\t\t\t\t\r\n\t\t\t<h3 class=\"title\"><a href=\"https:\/\/aus-gesprochen.at\/en\/fuenf-gute-gruende-sich-fuer-einen-professionellen-uebersetzer-oder-dolmetscher-zu-entscheiden\/\" rel=\"bookmark\">F\u00fcnf gute Gr\u00fcnde, sich f\u00fcr einen professionellen \u00dcbersetzer oder Dolmetscher zu entscheiden<\/a><\/h3>\t\t\t\t<div class=\"entry-footer\">\r\n\t\t\t\t\t<div class=\"meta\">\r\n\t\t\t\t\t\t<span class=\"author vcard\"><a class=\"url fn n\" href=\"\/en\/'https:\/\/aus-gesprochen.at\/en\/author\/mgruber2\/\">admin<\/a><\/span>\r\n\t\t\t\t\t\t&#47;&nbsp;<a class=\"fp-cats\" href=\"https:\/\/aus-gesprochen.at\/en\/category\/dolmetschen\/\">Interpreting<\/a> \t\t\t\t\t<\/div>\r\n\t\t\t\t<\/div>\r\n\t\t\t<\/div>\r\n\t\t\t\t\t<div class=\"blog-post entry\">\r\n\t\t\t\t\t\t\t\t\t\r\n\t\t\t<h3 class=\"title\"><a href=\"https:\/\/aus-gesprochen.at\/en\/wenn-die-welt-ploetzlich-kopf-steht-covid-19\/\" rel=\"bookmark\">When the world turns upside down - COVID-19<\/a><\/h3>\t\t\t\t<div class=\"entry-footer\">\r\n\t\t\t\t\t<div class=\"meta\">\r\n\t\t\t\t\t\t<span class=\"author vcard\"><a class=\"url fn n\" href=\"\/en\/'https:\/\/aus-gesprochen.at\/en\/author\/mgruber2\/\">admin<\/a><\/span>\r\n\t\t\t\t\t\t&#47;&nbsp;<a class=\"fp-cats\" href=\"https:\/\/aus-gesprochen.at\/en\/category\/sprachunterricht\/\">Language training<\/a> \t\t\t\t\t<\/div>\r\n\t\t\t\t<\/div>\r\n\t\t\t<\/div>\r\n\t\t\t\t<\/div>\r\n\r\n\t\t\t\t\t\t\t<a href=\"https:\/\/aus-gesprochen.at\/en\/wenn-die-welt-ploetzlich-kopf-steht-covid-19\/\" class=\"roll-button more-button\">All articles<\/a>\r\n\t\t\t\t\r\n\t<\/div><\/div><\/div><\/div><\/div>\n\n<div id=\"pl-gb2-69e3582f20c7b\"  class=\"panel-layout panel-layout\" ><div id=\"pg-gb2-69e3582f20c7b-0\"  class=\"panel-grid panel-has-style\" ><div style=\"padding: 100px 0; \" class=\"panel-row-style panel-row-style-for-gb2-69e3582f20c7b-0\" ><div id=\"pgc-gb2-69e3582f20c7b-0-0\"  class=\"panel-grid-cell\" ><div id=\"panel-gb2-69e3582f20c7b-0-0-0\" class=\"so-panel widget widget_rocked_projects rocked_projects_widget panel-first-child panel-last-child\" data-index=\"0\" >\r\n\t\t\r\n\t\t<div class=\"roll-works\">\r\n\t\t\t<div class=\"work-wrap\">\r\n\t\t\t\t\t\t\t\t\t\t\t\t\t\t\t<div class=\"item-work\">\r\n\t\t\t\t\t\t\t\t\t\t<a class=\"item-wrap\" href=\"https:\/\/aus-gesprochen.at\/en\/projects\/certified-kudo-interpreter\/\" title=\"Certified KUDO interpreter\">\r\n\t\t\t\t\t\t\r\n\t\t\t\t\t<div class=\"overlay\">\r\n\t\t\t\t\t\t<div class=\"content\">\r\n\t\t\t\t\t\t\t<h4>Certified KUDO interpreter<\/h4>\r\n\t\t\t\t\t\t\t<ul class=\"cats\">\r\n\t\t\t\t\t\t\t\t\t\t\t\t\t\t<\/ul>\r\n\t\t\t\t\t\t<\/div>\r\n\t\t\t\t\t<\/div>\r\n\t\t\t\t\t<img loading=\"lazy\" decoding=\"async\" width=\"410\" height=\"410\" src=\"https:\/\/aus-gesprochen.at\/wp-content\/uploads\/2020\/05\/kudo-interpreter-badge_small-410x410.png\" class=\"attachment-rocked-medium-thumb size-rocked-medium-thumb wp-post-image\" alt=\"Kudo certified interpreter\" srcset=\"\" sizes=\"auto, (max-width: 410px) 100vw, 410px\" data-srcset=\"\" \/>\t\t\t\t\t<\/a>\r\n\t\t\t\t<\/div>\r\n\t\t\t\t\t\r\n\t\t\t\t\t\t\t\t\t\t\t\t\t\t\t<div class=\"item-work\">\r\n\t\t\t\t\t\t\t\t\t\t<a class=\"item-wrap\" href=\"https:\/\/aus-gesprochen.at\/en\/projects\/universitas\/\" title=\"Universitas\">\r\n\t\t\t\t\t\t\r\n\t\t\t\t\t<div class=\"overlay\">\r\n\t\t\t\t\t\t<div class=\"content\">\r\n\t\t\t\t\t\t\t<h4>Universitas<\/h4>\r\n\t\t\t\t\t\t\t<ul class=\"cats\">\r\n\t\t\t\t\t\t\t\t\t\t\t\t\t\t<\/ul>\r\n\t\t\t\t\t\t<\/div>\r\n\t\t\t\t\t<\/div>\r\n\t\t\t\t\t<img loading=\"lazy\" decoding=\"async\" width=\"410\" height=\"164\" src=\"https:\/\/aus-gesprochen.at\/wp-content\/uploads\/2019\/10\/logo_universitas_austria-dolmetschen-uebersetzen-interpreters-translators-410x164.png\" class=\"attachment-rocked-medium-thumb size-rocked-medium-thumb wp-post-image\" alt=\"Universitas Austria\" srcset=\"\" sizes=\"auto, (max-width: 410px) 100vw, 410px\" data-srcset=\"\" \/>\t\t\t\t\t<\/a>\r\n\t\t\t\t<\/div>\r\n\t\t\t\t\t\r\n\t\t\t\t\t\t\t\t\t\t\t\t\t\t\t<div class=\"item-work\">\r\n\t\t\t\t\t\t\t\t\t\t<a class=\"item-wrap\" href=\"https:\/\/www.wko.at\/branchen\/t\/gewerbe-handwerk\/gewerbliche-dienstleister\/sprachdienstleister1.html\">\r\n\t\t\t\t\t\t\r\n\t\t\t\t\t<div class=\"overlay\">\r\n\t\t\t\t\t\t<div class=\"content\">\r\n\t\t\t\t\t\t\t<h4>Service Provider - Language Service Provider<\/h4>\r\n\t\t\t\t\t\t\t<ul class=\"cats\">\r\n\t\t\t\t\t\t\t\t\t\t\t\t\t\t<\/ul>\r\n\t\t\t\t\t\t<\/div>\r\n\t\t\t\t\t<\/div>\r\n\t\t\t\t\t<img loading=\"lazy\" decoding=\"async\" width=\"410\" height=\"393\" src=\"https:\/\/aus-gesprochen.at\/wp-content\/uploads\/2019\/10\/logo_sprachdienstleister-410x393.png\" class=\"attachment-rocked-medium-thumb size-rocked-medium-thumb wp-post-image\" alt=\"\" srcset=\"\" sizes=\"auto, (max-width: 410px) 100vw, 410px\" data-srcset=\"\" \/>\t\t\t\t\t<\/a>\r\n\t\t\t\t<\/div>\r\n\t\t\t\t\t\r\n\t\t\t\t\t\t<\/div>\r\n\t\t<\/div>\r\n\r\n\t\t\t\r\n\t\r\n\t<\/div><\/div><\/div><\/div><\/div>","protected":false},"excerpt":{"rendered":"<p>Die Grenzen meiner Sprache bedeuten die Grenzen meiner Welt Ludwig Wittgenstein \u00dcberwinden Sie mit meiner Hilfe Ihre sprachlichen Grenzen \u2013 ausGesprochen sprachgewandt<\/p>","protected":false},"author":1,"featured_media":0,"parent":0,"menu_order":0,"comment_status":"closed","ping_status":"closed","template":"","meta":{"footnotes":""},"class_list":["post-2","page","type-page","status-publish","hentry"],"_links":{"self":[{"href":"https:\/\/aus-gesprochen.at\/en\/wp-json\/wp\/v2\/pages\/2","targetHints":{"allow":["GET"]}}],"collection":[{"href":"https:\/\/aus-gesprochen.at\/en\/wp-json\/wp\/v2\/pages"}],"about":[{"href":"https:\/\/aus-gesprochen.at\/en\/wp-json\/wp\/v2\/types\/page"}],"author":[{"embeddable":true,"href":"https:\/\/aus-gesprochen.at\/en\/wp-json\/wp\/v2\/users\/1"}],"replies":[{"embeddable":true,"href":"https:\/\/aus-gesprochen.at\/en\/wp-json\/wp\/v2\/comments?post=2"}],"version-history":[{"count":30,"href":"https:\/\/aus-gesprochen.at\/en\/wp-json\/wp\/v2\/pages\/2\/revisions"}],"predecessor-version":[{"id":392,"href":"https:\/\/aus-gesprochen.at\/en\/wp-json\/wp\/v2\/pages\/2\/revisions\/392"}],"wp:attachment":[{"href":"https:\/\/aus-gesprochen.at\/en\/wp-json\/wp\/v2\/media?parent=2"}],"curies":[{"name":"wp","href":"https:\/\/api.w.org\/{rel}","templated":true}]}}