{"id":28,"date":"2019-09-06T11:36:39","date_gmt":"2019-09-06T11:36:39","guid":{"rendered":"https:\/\/aus-gesprochen.at\/?page_id=28"},"modified":"2021-05-19T12:02:48","modified_gmt":"2021-05-19T12:02:48","slug":"ueber-mich","status":"publish","type":"page","link":"https:\/\/aus-gesprochen.at\/en\/ueber-mich\/","title":{"rendered":"About me"},"content":{"rendered":"<div class=\"wp-block-cover has-very-light-gray-background-color aligncenter\"><img loading=\"lazy\" decoding=\"async\" width=\"1024\" height=\"683\" class=\"wp-block-cover__image-background wp-image-84\" alt=\"\" src=\"https:\/\/aus-gesprochen.at\/wp-content\/uploads\/2019\/09\/PORTRAITS115-1024x683.jpg\" style=\"object-position:47% 40%\" data-object-fit=\"cover\" data-object-position=\"47% 40%\" srcset=\"https:\/\/aus-gesprochen.at\/wp-content\/uploads\/2019\/09\/PORTRAITS115-1024x683.jpg 1024w, https:\/\/aus-gesprochen.at\/wp-content\/uploads\/2019\/09\/PORTRAITS115-300x200.jpg 300w, https:\/\/aus-gesprochen.at\/wp-content\/uploads\/2019\/09\/PORTRAITS115-768x512.jpg 768w, https:\/\/aus-gesprochen.at\/wp-content\/uploads\/2019\/09\/PORTRAITS115-750x500.jpg 750w, https:\/\/aus-gesprochen.at\/wp-content\/uploads\/2019\/09\/PORTRAITS115-400x267.jpg 400w, https:\/\/aus-gesprochen.at\/wp-content\/uploads\/2019\/09\/PORTRAITS115-430x287.jpg 430w, https:\/\/aus-gesprochen.at\/wp-content\/uploads\/2019\/09\/PORTRAITS115-150x100.jpg 150w, https:\/\/aus-gesprochen.at\/wp-content\/uploads\/2019\/09\/PORTRAITS115-100x67.jpg 100w\" sizes=\"auto, (max-width: 1024px) 100vw, 1024px\" \/><div class=\"wp-block-cover__inner-container is-layout-flow wp-block-cover-is-layout-flow\">\n<p><br><br><br><br><br><br><\/p>\n\n\n\n<h1 class=\"has-text-align-center wp-block-heading\">About me<\/h1>\n<\/div><\/div>\n\n\n\n<p><\/p>\n\n\n\n<p>My wish to become an interpreter one day dates back to when I was a child. To be more precise, it dates back to the year 1997, when the very first Nightrace took place in Schladming, Styria (Austria). The legendary Italian ski racer Alberto Tomba ended up winning this race. But I was not only fascinated by his achievement, but watched in awe what his South Tyrolian companio Roberto Brunner was doing: He was interpreting from Italian into German. I considered this to be an exciting profession and soon it was clear to me: <\/p>\n\n\n\n<p>This very first sighting of an interpreter at work and all those I\u2018ve seen since led me to my profession providing expert language services.<\/p>\n\n\n\n<div class=\"wp-block-image\"><figure class=\"aligncenter is-resized\"><img loading=\"lazy\" decoding=\"async\" src=\"https:\/\/aus-gesprochen.at\/wp-content\/uploads\/2019\/09\/Dolmetschen-uibk.jpg\" alt=\"\" class=\"wp-image-155\" width=\"442\" height=\"358\" srcset=\"https:\/\/aus-gesprochen.at\/wp-content\/uploads\/2019\/09\/Dolmetschen-uibk.jpg 751w, https:\/\/aus-gesprochen.at\/wp-content\/uploads\/2019\/09\/Dolmetschen-uibk-300x243.jpg 300w, https:\/\/aus-gesprochen.at\/wp-content\/uploads\/2019\/09\/Dolmetschen-uibk-700x568.jpg 700w, https:\/\/aus-gesprochen.at\/wp-content\/uploads\/2019\/09\/Dolmetschen-uibk-410x332.jpg 410w, https:\/\/aus-gesprochen.at\/wp-content\/uploads\/2019\/09\/Dolmetschen-uibk-100x81.jpg 100w, https:\/\/aus-gesprochen.at\/wp-content\/uploads\/2019\/09\/Dolmetschen-uibk-275x223.jpg 275w\" sizes=\"auto, (max-width: 442px) 100vw, 442px\" \/><figcaption>Interpreting at the University of Innsbruck<\/figcaption><\/figure><\/div>\n\n\n\n<p class=\"has-medium-font-size\">My university career<\/p>\n\n\n\n<p><strong>2009-2013:<\/strong> Bachelor's degree in Translation Studies at the University of Innsbruck<br><strong>2013-2017: <\/strong>Master's degree in Translation Studies with a focus on conference interpreting at the University of Innsbruck<br><strong>2015: <\/strong>Study abroad program at Bangor University in Bangor, Gwynedd, United Kingdom<\/p>\n\n\n\n<p>Alongside my membership in the <a href=\"https:\/\/www.wko.at\/branchen\/gewerbe-handwerk\/gewerbliche-dienstleister\/sprachdienstleister1.html\">Group of Service Providers - Language Service Providers<\/a> of the Austrian Federal Economic Chamber I am also a full member of <a href=\"https:\/\/www.universitas.org\/\">UNIVERSITAS Austria<\/a> - the Austrian Association of Translators and Interpreters.<\/p>","protected":false},"excerpt":{"rendered":"<p>Mein Berufswunsch, eines Tages Dolmetscher zu werden, entstand schon in jungen Jahren. Um genau zu sein, im Jahr 1997 als in Schladming das erste Nightrace stattfand. Dieses gewann der legend\u00e4re italienische Skirennl\u00e4ufer Alberto Tomba. Mich faszinierte jedoch nicht nur die Leistung von Alberto Tomba, sondern vielmehr das, was sein S\u00fcdtiroler Begleiter Roberto Brunner tat: Er [&hellip;]<\/p>\n","protected":false},"author":1,"featured_media":0,"parent":0,"menu_order":0,"comment_status":"closed","ping_status":"closed","template":"","meta":{"footnotes":""},"class_list":["post-28","page","type-page","status-publish","hentry"],"_links":{"self":[{"href":"https:\/\/aus-gesprochen.at\/en\/wp-json\/wp\/v2\/pages\/28","targetHints":{"allow":["GET"]}}],"collection":[{"href":"https:\/\/aus-gesprochen.at\/en\/wp-json\/wp\/v2\/pages"}],"about":[{"href":"https:\/\/aus-gesprochen.at\/en\/wp-json\/wp\/v2\/types\/page"}],"author":[{"embeddable":true,"href":"https:\/\/aus-gesprochen.at\/en\/wp-json\/wp\/v2\/users\/1"}],"replies":[{"embeddable":true,"href":"https:\/\/aus-gesprochen.at\/en\/wp-json\/wp\/v2\/comments?post=28"}],"version-history":[{"count":13,"href":"https:\/\/aus-gesprochen.at\/en\/wp-json\/wp\/v2\/pages\/28\/revisions"}],"predecessor-version":[{"id":352,"href":"https:\/\/aus-gesprochen.at\/en\/wp-json\/wp\/v2\/pages\/28\/revisions\/352"}],"wp:attachment":[{"href":"https:\/\/aus-gesprochen.at\/en\/wp-json\/wp\/v2\/media?parent=28"}],"curies":[{"name":"wp","href":"https:\/\/api.w.org\/{rel}","templated":true}]}}